{"id":120,"date":"2019-11-02T16:31:29","date_gmt":"2019-11-02T15:31:29","guid":{"rendered":"http:\/\/cotte-martinon.eu\/?page_id=120"},"modified":"2019-11-02T16:31:29","modified_gmt":"2019-11-02T15:31:29","slug":"le-showroom","status":"publish","type":"page","link":"https:\/\/cotte-martinon.com\/index.php\/le-showroom\/","title":{"rendered":"TISSUS \u00c9DITEURS"},"content":{"rendered":"<h5>Dans notre Agence de Nice, un Showroom est mis \u00e0 votre disposition pour d\u00e9couvrir plus de 5 000 collections, liasses, porte-manteaux&#8230; de tisseurs et d&rsquo;\u00e9diteurs fran\u00e7ais ou europ\u00e9ens, accompagn\u00e9s si vous le souhaitez de vos clients.<br \/>\nL&rsquo;organisation de la tissuth\u00e8que permet une recherche rapide des documentations.<br \/>\nCelles-ci sont class\u00e9es par famille de tissu, par largeur, par mati\u00e8re, etc. pour vous permettre de faire votre choix.<\/h5>\n<h5>La Responsable Show-Room est \u00e0 votre \u00e9coute pour finaliser vos commandes, faire vos demandes de disponibilit\u00e9s ou de tirelles. Un service de pr\u00eat vous permet d&rsquo;\u00e9largir votre propre choix de tissus.<\/h5>\n","protected":false},"excerpt":{"rendered":"<p>Dans notre Agence de Nice, un Showroom est mis \u00e0 votre disposition pour d\u00e9couvrir plus de 5 000 collections, liasses, porte-manteaux&#8230; de tisseurs et d&rsquo;\u00e9diteurs fran\u00e7ais ou europ\u00e9ens, accompagn\u00e9s si vous le souhaitez de vos clients. L&rsquo;organisation de la tissuth\u00e8que permet une recherche rapide des documentations. Celles-ci sont class\u00e9es par famille de tissu, par largeur, [&hellip;]<\/p>\n","protected":false},"author":1,"featured_media":0,"parent":0,"menu_order":1,"comment_status":"closed","ping_status":"closed","template":"","meta":{"site-sidebar-layout":"default","site-content-layout":"","ast-site-content-layout":"default","site-content-style":"default","site-sidebar-style":"default","ast-global-header-display":"","ast-banner-title-visibility":"","ast-main-header-display":"","ast-hfb-above-header-display":"","ast-hfb-below-header-display":"","ast-hfb-mobile-header-display":"","site-post-title":"","ast-breadcrumbs-content":"","ast-featured-img":"","footer-sml-layout":"","ast-disable-related-posts":"","theme-transparent-header-meta":"","adv-header-id-meta":"","stick-header-meta":"","header-above-stick-meta":"","header-main-stick-meta":"","header-below-stick-meta":"","astra-migrate-meta-layouts":"default","ast-page-background-enabled":"default","ast-page-background-meta":{"desktop":{"background-color":"var(--ast-global-color-4)","background-image":"","background-repeat":"repeat","background-position":"center center","background-size":"auto","background-attachment":"scroll","background-type":"","background-media":"","overlay-type":"","overlay-color":"","overlay-opacity":"","overlay-gradient":""},"tablet":{"background-color":"","background-image":"","background-repeat":"repeat","background-position":"center center","background-size":"auto","background-attachment":"scroll","background-type":"","background-media":"","overlay-type":"","overlay-color":"","overlay-opacity":"","overlay-gradient":""},"mobile":{"background-color":"","background-image":"","background-repeat":"repeat","background-position":"center center","background-size":"auto","background-attachment":"scroll","background-type":"","background-media":"","overlay-type":"","overlay-color":"","overlay-opacity":"","overlay-gradient":""}},"ast-content-background-meta":{"desktop":{"background-color":"var(--ast-global-color-5)","background-image":"","background-repeat":"repeat","background-position":"center center","background-size":"auto","background-attachment":"scroll","background-type":"","background-media":"","overlay-type":"","overlay-color":"","overlay-opacity":"","overlay-gradient":""},"tablet":{"background-color":"var(--ast-global-color-5)","background-image":"","background-repeat":"repeat","background-position":"center center","background-size":"auto","background-attachment":"scroll","background-type":"","background-media":"","overlay-type":"","overlay-color":"","overlay-opacity":"","overlay-gradient":""},"mobile":{"background-color":"var(--ast-global-color-5)","background-image":"","background-repeat":"repeat","background-position":"center center","background-size":"auto","background-attachment":"scroll","background-type":"","background-media":"","overlay-type":"","overlay-color":"","overlay-opacity":"","overlay-gradient":""}},"footnotes":""},"class_list":["post-120","page","type-page","status-publish","hentry"],"_links":{"self":[{"href":"https:\/\/cotte-martinon.com\/index.php\/wp-json\/wp\/v2\/pages\/120","targetHints":{"allow":["GET"]}}],"collection":[{"href":"https:\/\/cotte-martinon.com\/index.php\/wp-json\/wp\/v2\/pages"}],"about":[{"href":"https:\/\/cotte-martinon.com\/index.php\/wp-json\/wp\/v2\/types\/page"}],"author":[{"embeddable":true,"href":"https:\/\/cotte-martinon.com\/index.php\/wp-json\/wp\/v2\/users\/1"}],"replies":[{"embeddable":true,"href":"https:\/\/cotte-martinon.com\/index.php\/wp-json\/wp\/v2\/comments?post=120"}],"version-history":[{"count":0,"href":"https:\/\/cotte-martinon.com\/index.php\/wp-json\/wp\/v2\/pages\/120\/revisions"}],"wp:attachment":[{"href":"https:\/\/cotte-martinon.com\/index.php\/wp-json\/wp\/v2\/media?parent=120"}],"curies":[{"name":"wp","href":"https:\/\/api.w.org\/{rel}","templated":true}]}}