{"id":7144,"date":"2023-01-30T16:34:47","date_gmt":"2023-01-30T15:34:47","guid":{"rendered":"https:\/\/cotte-martinon.com\/?page_id=7144"},"modified":"2023-02-01T16:47:43","modified_gmt":"2023-02-01T15:47:43","slug":"plan-domaine-gueules-cassees","status":"publish","type":"page","link":"https:\/\/cotte-martinon.com\/index.php\/plan-domaine-gueules-cassees\/","title":{"rendered":"Plan Domaine Gueules Cass\u00e9es"},"content":{"rendered":"\t\t<div data-elementor-type=\"wp-page\" data-elementor-id=\"7144\" class=\"elementor elementor-7144\" data-elementor-post-type=\"page\">\n\t\t\t\t\t\t<section class=\"elementor-section elementor-top-section elementor-element elementor-element-748ba9d elementor-section-boxed elementor-section-height-default elementor-section-height-default\" data-id=\"748ba9d\" data-element_type=\"section\" data-e-type=\"section\">\n\t\t\t\t\t\t<div class=\"elementor-container elementor-column-gap-default\">\n\t\t\t\t\t<div class=\"elementor-column elementor-col-100 elementor-top-column elementor-element elementor-element-3fa4ed4\" data-id=\"3fa4ed4\" data-element_type=\"column\" data-e-type=\"column\">\n\t\t\t<div class=\"elementor-widget-wrap elementor-element-populated\">\n\t\t\t\t\t\t<div class=\"elementor-element elementor-element-de97705 elementor-widget elementor-widget-spacer\" data-id=\"de97705\" data-element_type=\"widget\" data-e-type=\"widget\" data-widget_type=\"spacer.default\">\n\t\t\t\t<div class=\"elementor-widget-container\">\n\t\t\t\t\t\t\t<div class=\"elementor-spacer\">\n\t\t\t<div class=\"elementor-spacer-inner\"><\/div>\n\t\t<\/div>\n\t\t\t\t\t\t<\/div>\n\t\t\t\t<\/div>\n\t\t\t\t\t<\/div>\n\t\t<\/div>\n\t\t\t\t\t<\/div>\n\t\t<\/section>\n\t\t\t\t<section class=\"elementor-section elementor-top-section elementor-element elementor-element-12332bd elementor-section-full_width elementor-section-height-default elementor-section-height-default\" data-id=\"12332bd\" data-element_type=\"section\" data-e-type=\"section\">\n\t\t\t\t\t\t<div class=\"elementor-container elementor-column-gap-default\">\n\t\t\t\t\t<div class=\"elementor-column elementor-col-33 elementor-top-column elementor-element elementor-element-d79f549\" data-id=\"d79f549\" data-element_type=\"column\" data-e-type=\"column\">\n\t\t\t<div class=\"elementor-widget-wrap elementor-element-populated\">\n\t\t\t\t\t\t<div class=\"elementor-element elementor-element-814fcbd elementor-widget elementor-widget-image\" data-id=\"814fcbd\" data-element_type=\"widget\" data-e-type=\"widget\" data-widget_type=\"image.default\">\n\t\t\t\t<div class=\"elementor-widget-container\">\n\t\t\t\t\t\t\t\t\t\t\t\t\t\t\t<img decoding=\"async\" src=\"https:\/\/cotte-martinon.com\/wp-content\/uploads\/elementor\/thumbs\/PICTO-CM-TOUR2023-q16ppcodzvsm1o9cfms2dvnm22okwxyzlzaktxfc3k.png\" title=\"PICTO-CM-TOUR2023\" alt=\"PICTO-CM-TOUR2023\" loading=\"lazy\" \/>\t\t\t\t\t\t\t\t\t\t\t\t\t\t\t<\/div>\n\t\t\t\t<\/div>\n\t\t\t\t\t<\/div>\n\t\t<\/div>\n\t\t\t\t<div class=\"elementor-column elementor-col-33 elementor-top-column elementor-element elementor-element-3879e0a\" data-id=\"3879e0a\" data-element_type=\"column\" data-e-type=\"column\">\n\t\t\t<div class=\"elementor-widget-wrap elementor-element-populated\">\n\t\t\t\t\t\t<div class=\"elementor-element elementor-element-4f8311c elementor-widget elementor-widget-heading\" data-id=\"4f8311c\" data-element_type=\"widget\" data-e-type=\"widget\" data-widget_type=\"heading.default\">\n\t\t\t\t<div class=\"elementor-widget-container\">\n\t\t\t\t\t<h2 class=\"elementor-heading-title elementor-size-default\">TOULON<br>Jeudi 9 mars<\/h2>\t\t\t\t<\/div>\n\t\t\t\t<\/div>\n\t\t\t\t<div class=\"elementor-element elementor-element-7d071a1 elementor-widget elementor-widget-text-editor\" data-id=\"7d071a1\" data-element_type=\"widget\" data-e-type=\"widget\" data-widget_type=\"text-editor.default\">\n\t\t\t\t<div class=\"elementor-widget-container\">\n\t\t\t\t\t\t\t\t\t<p><b>Domaine Gueules Cass\u00e9es<\/b><br>151 Avenue Andr\u00e9 Dupuy <br>83160 La Valette-du-Var<br>T\u00e9l. : 04 94 61 93 00<br><\/p>\n<style>table<br \/>\t{mso-displayed-decimal-separator:\"\\,\";<br \/>\tmso-displayed-thousand-separator:\u202f;}tr<br \/>\t{mso-height-source:auto;}col<br \/>\t{mso-width-source:auto;}br<br \/>\t{mso-data-placement:same-cell;}td<br \/>\t{padding-top:1px;<br \/>\tpadding-right:1px;<br \/>\tpadding-left:1px;<br \/>\tmso-ignore:padding;<br \/>\tcolor:black;<br \/>\tfont-size:12.0pt;<br \/>\tfont-weight:400;<br \/>\tfont-style:normal;<br \/>\ttext-decoration:none;<br \/>\tfont-family:Calibri, sans-serif;<br \/>\tmso-font-charset:0;<br \/>\tmso-number-format:General;<br \/>\ttext-align:general;<br \/>\tvertical-align:bottom;<br \/>\tborder:none;<br \/>\tmso-background-source:auto;<br \/>\tmso-pattern:auto;<br \/>\tmso-protection:locked visible;<br \/>\twhite-space:nowrap;<br \/>\tmso-rotate:0;}.xl65<br \/>\t{font-size:10.0pt;<br \/>\tfont-family:Helvetica, sans-serif;<br \/>\tmso-font-charset:0;}<\/style>\n<p><\/p>\t\t\t\t\t\t\t\t<\/div>\n\t\t\t\t<\/div>\n\t\t\t\t\t<\/div>\n\t\t<\/div>\n\t\t\t\t<div class=\"elementor-column elementor-col-33 elementor-top-column elementor-element elementor-element-dd083e8\" data-id=\"dd083e8\" data-element_type=\"column\" data-e-type=\"column\">\n\t\t\t<div class=\"elementor-widget-wrap elementor-element-populated\">\n\t\t\t\t\t\t<div class=\"elementor-element elementor-element-782c2af elementor-widget elementor-widget-image\" data-id=\"782c2af\" data-element_type=\"widget\" data-e-type=\"widget\" data-widget_type=\"image.default\">\n\t\t\t\t<div class=\"elementor-widget-container\">\n\t\t\t\t\t\t\t\t\t\t\t\t\t\t\t<img decoding=\"async\" src=\"https:\/\/cotte-martinon.com\/wp-content\/uploads\/elementor\/thumbs\/FRANCE-CM-Tour-2023-q16ppujblqh269jejchz795dce8jz6xw0fosy6outc.jpg\" title=\"FRANCE-CM-Tour-2023\" alt=\"FRANCE-CM-Tour-2023\" loading=\"lazy\" \/>\t\t\t\t\t\t\t\t\t\t\t\t\t\t\t<\/div>\n\t\t\t\t<\/div>\n\t\t\t\t\t<\/div>\n\t\t<\/div>\n\t\t\t\t\t<\/div>\n\t\t<\/section>\n\t\t\t\t<div class=\"elementor-section elementor-top-section elementor-element elementor-element-beff339 elementor-section-full_width elementor-section-height-default elementor-section-height-default\" data-id=\"beff339\" data-element_type=\"section\" data-e-type=\"section\">\n\t\t\t\t\t\t<div class=\"elementor-container elementor-column-gap-default\">\n\t\t\t\t\t<div class=\"elementor-column elementor-col-100 elementor-top-column elementor-element elementor-element-92c53f2\" data-id=\"92c53f2\" data-element_type=\"column\" data-e-type=\"column\">\n\t\t\t<div class=\"elementor-widget-wrap elementor-element-populated\">\n\t\t\t\t\t\t<div class=\"elementor-element elementor-element-09a1224 elementor-widget elementor-widget-google_maps\" data-id=\"09a1224\" data-element_type=\"widget\" data-e-type=\"widget\" data-widget_type=\"google_maps.default\">\n\t\t\t\t<div class=\"elementor-widget-container\">\n\t\t\t\t\t\t\t<div class=\"elementor-custom-embed\">\n\t\t\t<iframe loading=\"lazy\"\n\t\t\t\t\tsrc=\"https:\/\/maps.google.com\/maps?q=151%20avenue%20Andr%C3%A9%20Dupuy%C2%A083160%2C%20La%20Valette-du-Var&#038;t=m&#038;z=10&#038;output=embed&#038;iwloc=near\"\n\t\t\t\t\ttitle=\"151 avenue Andr\u00e9 Dupuy\u00a083160, La Valette-du-Var\"\n\t\t\t\t\taria-label=\"151 avenue Andr\u00e9 Dupuy\u00a083160, La Valette-du-Var\"\n\t\t\t><\/iframe>\n\t\t<\/div>\n\t\t\t\t\t\t<\/div>\n\t\t\t\t<\/div>\n\t\t\t\t\t<\/div>\n\t\t<\/div>\n\t\t\t\t\t<\/div>\n\t\t<\/div>\n\t\t\t\t<section class=\"elementor-section elementor-top-section elementor-element elementor-element-c0944c1 elementor-section-boxed elementor-section-height-default elementor-section-height-default\" data-id=\"c0944c1\" data-element_type=\"section\" data-e-type=\"section\">\n\t\t\t\t\t\t<div class=\"elementor-container elementor-column-gap-default\">\n\t\t\t\t\t<section class=\"elementor-column elementor-col-100 elementor-top-column elementor-element elementor-element-1a09dcc\" data-id=\"1a09dcc\" data-element_type=\"column\" data-e-type=\"column\">\n\t\t\t<div class=\"elementor-widget-wrap elementor-element-populated\">\n\t\t\t\t\t\t<div class=\"elementor-element elementor-element-921ecf2 elementor-align-center elementor-widget elementor-widget-button\" data-id=\"921ecf2\" data-element_type=\"widget\" data-e-type=\"widget\" data-widget_type=\"button.default\">\n\t\t\t\t<div class=\"elementor-widget-container\">\n\t\t\t\t\t\t\t\t\t<div class=\"elementor-button-wrapper\">\n\t\t\t\t\t<a class=\"elementor-button elementor-button-link elementor-size-sm\" href=\"https:\/\/cotte-martinon.com\/index.php\/inscription-cm-tour\/\" target=\"_blank\" id=\"inscription-cm-tour\">\n\t\t\t\t\t\t<span class=\"elementor-button-content-wrapper\">\n\t\t\t\t\t\t\t\t\t<span class=\"elementor-button-text\">Inscription CM TOUR 2023<\/span>\n\t\t\t\t\t<\/span>\n\t\t\t\t\t<\/a>\n\t\t\t\t<\/div>\n\t\t\t\t\t\t\t\t<\/div>\n\t\t\t\t<\/div>\n\t\t\t\t\t<\/div>\n\t\t<\/section>\n\t\t\t\t\t<\/div>\n\t\t<\/section>\n\t\t\t\t<section class=\"elementor-section elementor-top-section elementor-element elementor-element-ddf477e elementor-section-boxed elementor-section-height-default elementor-section-height-default\" data-id=\"ddf477e\" data-element_type=\"section\" data-e-type=\"section\">\n\t\t\t\t\t\t<div class=\"elementor-container elementor-column-gap-default\">\n\t\t\t\t\t<div class=\"elementor-column elementor-col-100 elementor-top-column elementor-element elementor-element-bd4d2c6\" data-id=\"bd4d2c6\" data-element_type=\"column\" data-e-type=\"column\">\n\t\t\t<div class=\"elementor-widget-wrap elementor-element-populated\">\n\t\t\t\t\t\t<div class=\"elementor-element elementor-element-5c2d79c elementor-widget elementor-widget-spacer\" data-id=\"5c2d79c\" data-element_type=\"widget\" data-e-type=\"widget\" data-widget_type=\"spacer.default\">\n\t\t\t\t<div class=\"elementor-widget-container\">\n\t\t\t\t\t\t\t<div class=\"elementor-spacer\">\n\t\t\t<div class=\"elementor-spacer-inner\"><\/div>\n\t\t<\/div>\n\t\t\t\t\t\t<\/div>\n\t\t\t\t<\/div>\n\t\t\t\t\t<\/div>\n\t\t<\/div>\n\t\t\t\t\t<\/div>\n\t\t<\/section>\n\t\t\t\t<\/div>\n\t\t","protected":false},"excerpt":{"rendered":"<p>TOULON Jeudi 9 mars Domaine Gueules Cass\u00e9es 151 Avenue Andr\u00e9 Dupuy 83160 La Valette-du-Var T\u00e9l. : 04 94 61 93 00 Inscription CM TOUR 2023<\/p>\n","protected":false},"author":4,"featured_media":0,"parent":0,"menu_order":0,"comment_status":"closed","ping_status":"closed","template":"","meta":{"site-sidebar-layout":"default","site-content-layout":"","ast-site-content-layout":"default","site-content-style":"default","site-sidebar-style":"default","ast-global-header-display":"","ast-banner-title-visibility":"","ast-main-header-display":"","ast-hfb-above-header-display":"","ast-hfb-below-header-display":"","ast-hfb-mobile-header-display":"","site-post-title":"","ast-breadcrumbs-content":"","ast-featured-img":"","footer-sml-layout":"","ast-disable-related-posts":"","theme-transparent-header-meta":"","adv-header-id-meta":"","stick-header-meta":"","header-above-stick-meta":"","header-main-stick-meta":"","header-below-stick-meta":"","astra-migrate-meta-layouts":"default","ast-page-background-enabled":"default","ast-page-background-meta":{"desktop":{"background-color":"var(--ast-global-color-4)","background-image":"","background-repeat":"repeat","background-position":"center center","background-size":"auto","background-attachment":"scroll","background-type":"","background-media":"","overlay-type":"","overlay-color":"","overlay-opacity":"","overlay-gradient":""},"tablet":{"background-color":"","background-image":"","background-repeat":"repeat","background-position":"center center","background-size":"auto","background-attachment":"scroll","background-type":"","background-media":"","overlay-type":"","overlay-color":"","overlay-opacity":"","overlay-gradient":""},"mobile":{"background-color":"","background-image":"","background-repeat":"repeat","background-position":"center center","background-size":"auto","background-attachment":"scroll","background-type":"","background-media":"","overlay-type":"","overlay-color":"","overlay-opacity":"","overlay-gradient":""}},"ast-content-background-meta":{"desktop":{"background-color":"var(--ast-global-color-5)","background-image":"","background-repeat":"repeat","background-position":"center center","background-size":"auto","background-attachment":"scroll","background-type":"","background-media":"","overlay-type":"","overlay-color":"","overlay-opacity":"","overlay-gradient":""},"tablet":{"background-color":"var(--ast-global-color-5)","background-image":"","background-repeat":"repeat","background-position":"center center","background-size":"auto","background-attachment":"scroll","background-type":"","background-media":"","overlay-type":"","overlay-color":"","overlay-opacity":"","overlay-gradient":""},"mobile":{"background-color":"var(--ast-global-color-5)","background-image":"","background-repeat":"repeat","background-position":"center center","background-size":"auto","background-attachment":"scroll","background-type":"","background-media":"","overlay-type":"","overlay-color":"","overlay-opacity":"","overlay-gradient":""}},"footnotes":""},"class_list":["post-7144","page","type-page","status-publish","hentry"],"_links":{"self":[{"href":"https:\/\/cotte-martinon.com\/index.php\/wp-json\/wp\/v2\/pages\/7144","targetHints":{"allow":["GET"]}}],"collection":[{"href":"https:\/\/cotte-martinon.com\/index.php\/wp-json\/wp\/v2\/pages"}],"about":[{"href":"https:\/\/cotte-martinon.com\/index.php\/wp-json\/wp\/v2\/types\/page"}],"author":[{"embeddable":true,"href":"https:\/\/cotte-martinon.com\/index.php\/wp-json\/wp\/v2\/users\/4"}],"replies":[{"embeddable":true,"href":"https:\/\/cotte-martinon.com\/index.php\/wp-json\/wp\/v2\/comments?post=7144"}],"version-history":[{"count":97,"href":"https:\/\/cotte-martinon.com\/index.php\/wp-json\/wp\/v2\/pages\/7144\/revisions"}],"predecessor-version":[{"id":7249,"href":"https:\/\/cotte-martinon.com\/index.php\/wp-json\/wp\/v2\/pages\/7144\/revisions\/7249"}],"wp:attachment":[{"href":"https:\/\/cotte-martinon.com\/index.php\/wp-json\/wp\/v2\/media?parent=7144"}],"curies":[{"name":"wp","href":"https:\/\/api.w.org\/{rel}","templated":true}]}}