{"id":8217,"date":"2026-01-09T16:38:32","date_gmt":"2026-01-09T15:38:32","guid":{"rendered":"https:\/\/cotte-martinon.com\/?page_id=8217"},"modified":"2026-01-13T10:33:21","modified_gmt":"2026-01-13T09:33:21","slug":"blog","status":"publish","type":"page","link":"https:\/\/cotte-martinon.com\/index.php\/blog\/","title":{"rendered":"Blog"},"content":{"rendered":"\t\t<div data-elementor-type=\"wp-page\" data-elementor-id=\"8217\" class=\"elementor elementor-8217\" data-elementor-post-type=\"page\">\n\t\t\t\t\t\t<article class=\"elementor-section elementor-top-section elementor-element elementor-element-2940129 elementor-section-height-min-height elementor-section-content-top elementor-section-stretched elementor-section-boxed elementor-section-height-default elementor-section-items-middle\" data-id=\"2940129\" data-element_type=\"section\" data-e-type=\"section\" id=\"blogposts\" data-settings=\"{&quot;background_background&quot;:&quot;classic&quot;,&quot;stretch_section&quot;:&quot;section-stretched&quot;}\">\n\t\t\t\t\t\t\t<div class=\"elementor-background-overlay\"><\/div>\n\t\t\t\t\t\t\t<div class=\"elementor-container elementor-column-gap-no\">\n\t\t\t\t\t<article class=\"elementor-column elementor-col-100 elementor-top-column elementor-element elementor-element-7f201b9e\" data-id=\"7f201b9e\" data-element_type=\"column\" data-e-type=\"column\">\n\t\t\t<div class=\"elementor-widget-wrap elementor-element-populated\">\n\t\t\t\t\t\t<div class=\"elementor-element elementor-element-6be3c94b elementor-grid-3 elementor-grid-tablet-2 elementor-grid-mobile-1 elementor-posts--thumbnail-top elementor-card-shadow-yes elementor-posts__hover-gradient elementor-widget elementor-widget-posts\" data-id=\"6be3c94b\" data-element_type=\"widget\" data-e-type=\"widget\" data-settings=\"{&quot;cards_masonry&quot;:&quot;yes&quot;,&quot;pagination_type&quot;:&quot;numbers&quot;,&quot;cards_columns&quot;:&quot;3&quot;,&quot;cards_columns_tablet&quot;:&quot;2&quot;,&quot;cards_columns_mobile&quot;:&quot;1&quot;,&quot;cards_row_gap&quot;:{&quot;unit&quot;:&quot;px&quot;,&quot;size&quot;:35,&quot;sizes&quot;:[]},&quot;cards_row_gap_tablet&quot;:{&quot;unit&quot;:&quot;px&quot;,&quot;size&quot;:&quot;&quot;,&quot;sizes&quot;:[]},&quot;cards_row_gap_mobile&quot;:{&quot;unit&quot;:&quot;px&quot;,&quot;size&quot;:&quot;&quot;,&quot;sizes&quot;:[]}}\" data-widget_type=\"posts.cards\">\n\t\t\t\t<div class=\"elementor-widget-container\">\n\t\t\t\t\t\t\t<div class=\"elementor-posts-container elementor-posts elementor-posts--skin-cards elementor-grid\" role=\"list\">\n\t\t\t\t<article class=\"elementor-post elementor-grid-item post-8971 post type-post status-publish format-standard has-post-thumbnail hentry category-evenements\" role=\"listitem\">\n\t\t\t<div class=\"elementor-post__card\">\n\t\t\t\t<a class=\"elementor-post__thumbnail__link\" href=\"https:\/\/cotte-martinon.com\/index.php\/2026\/04\/08\/clap-de-fin-pour-le-cm-tour-2026\/\" tabindex=\"-1\" target=\"_blank\"><div class=\"elementor-post__thumbnail\"><img fetchpriority=\"high\" decoding=\"async\" width=\"300\" height=\"196\" src=\"https:\/\/cotte-martinon.com\/wp-content\/uploads\/2026\/04\/Fin-CM-TourCM26-300x196.jpg\" class=\"attachment-medium size-medium wp-image-8972\" alt=\"\" srcset=\"https:\/\/cotte-martinon.com\/wp-content\/uploads\/2026\/04\/Fin-CM-TourCM26-300x196.jpg 300w, https:\/\/cotte-martinon.com\/wp-content\/uploads\/2026\/04\/Fin-CM-TourCM26-768x501.jpg 768w, https:\/\/cotte-martinon.com\/wp-content\/uploads\/2026\/04\/Fin-CM-TourCM26.jpg 920w\" sizes=\"(max-width: 300px) 100vw, 300px\" \/><\/div><\/a>\n\t\t\t\t<div class=\"elementor-post__text\">\n\t\t\t\t<h3 class=\"elementor-post__title\">\n\t\t\t<a href=\"https:\/\/cotte-martinon.com\/index.php\/2026\/04\/08\/clap-de-fin-pour-le-cm-tour-2026\/\" target=&quot;_blank&quot;>\n\t\t\t\tClap de fin pour le CM Tour 2026 !\t\t\t<\/a>\n\t\t<\/h3>\n\t\t\t\t<div class=\"elementor-post__excerpt\">\n\t\t\t<p>Une \u00e9dition riche en rencontres et en \u00e9motions. Merci \u00e0 nos clients et \u00e0 nos partenaires qui ont largement contribu\u00e9 \u00e0 notre succ\u00e8s. Plus qu\u2019un<\/p>\n\t\t<\/div>\n\t\t\n\t\t<a class=\"elementor-post__read-more\" href=\"https:\/\/cotte-martinon.com\/index.php\/2026\/04\/08\/clap-de-fin-pour-le-cm-tour-2026\/\" aria-label=\"En savoir plus sur Clap de fin pour le CM Tour 2026 !\" tabindex=\"-1\" target=\"_blank\">\n\t\t\tLire la suite \u00bb\t\t<\/a>\n\n\t\t\t\t<\/div>\n\t\t\t\t<div class=\"elementor-post__meta-data\">\n\t\t\t\t\t<span class=\"elementor-post-date\">\n\t\t\t8 avril 2026\t\t<\/span>\n\t\t\t\t<\/div>\n\t\t\t\t\t<\/div>\n\t\t<\/article>\n\t\t\t\t<article class=\"elementor-post elementor-grid-item post-8213 post type-post status-publish format-standard has-post-thumbnail hentry category-evenements\" role=\"listitem\">\n\t\t\t<div class=\"elementor-post__card\">\n\t\t\t\t<a class=\"elementor-post__thumbnail__link\" href=\"https:\/\/cotte-martinon.com\/index.php\/2026\/01\/09\/voeux-2026\/\" tabindex=\"-1\" target=\"_blank\"><div class=\"elementor-post__thumbnail\"><img decoding=\"async\" width=\"300\" height=\"196\" src=\"https:\/\/cotte-martinon.com\/wp-content\/uploads\/2026\/01\/voeux2026-300x196.jpg\" class=\"attachment-medium size-medium wp-image-7991\" alt=\"\" srcset=\"https:\/\/cotte-martinon.com\/wp-content\/uploads\/2026\/01\/voeux2026-300x196.jpg 300w, https:\/\/cotte-martinon.com\/wp-content\/uploads\/2026\/01\/voeux2026-768x501.jpg 768w, https:\/\/cotte-martinon.com\/wp-content\/uploads\/2026\/01\/voeux2026.jpg 920w\" sizes=\"(max-width: 300px) 100vw, 300px\" \/><\/div><\/a>\n\t\t\t\t<div class=\"elementor-post__text\">\n\t\t\t\t<h3 class=\"elementor-post__title\">\n\t\t\t<a href=\"https:\/\/cotte-martinon.com\/index.php\/2026\/01\/09\/voeux-2026\/\" target=&quot;_blank&quot;>\n\t\t\t\tV\u0153ux 2026\t\t\t<\/a>\n\t\t<\/h3>\n\t\t\t\t<div class=\"elementor-post__excerpt\">\n\t\t\t\t\t<\/div>\n\t\t\n\t\t<a class=\"elementor-post__read-more\" href=\"https:\/\/cotte-martinon.com\/index.php\/2026\/01\/09\/voeux-2026\/\" aria-label=\"En savoir plus sur V\u0153ux 2026\" tabindex=\"-1\" target=\"_blank\">\n\t\t\tLire la suite \u00bb\t\t<\/a>\n\n\t\t\t\t<\/div>\n\t\t\t\t<div class=\"elementor-post__meta-data\">\n\t\t\t\t\t<span class=\"elementor-post-date\">\n\t\t\t9 janvier 2026\t\t<\/span>\n\t\t\t\t<\/div>\n\t\t\t\t\t<\/div>\n\t\t<\/article>\n\t\t\t\t<article class=\"elementor-post elementor-grid-item post-7986 post type-post status-publish format-standard has-post-thumbnail hentry category-evenements\" role=\"listitem\">\n\t\t\t<div class=\"elementor-post__card\">\n\t\t\t\t<a class=\"elementor-post__thumbnail__link\" href=\"https:\/\/cotte-martinon.com\/index.php\/2025\/12\/15\/rendez-vous-au-salon-nauti-pro-a-bordeaux\/\" tabindex=\"-1\" target=\"_blank\"><div class=\"elementor-post__thumbnail\"><img decoding=\"async\" width=\"300\" height=\"196\" src=\"https:\/\/cotte-martinon.com\/wp-content\/uploads\/2025\/12\/NAUTI-PRO-2026-300x196.jpg\" class=\"attachment-medium size-medium wp-image-7983\" alt=\"\" srcset=\"https:\/\/cotte-martinon.com\/wp-content\/uploads\/2025\/12\/NAUTI-PRO-2026-300x196.jpg 300w, https:\/\/cotte-martinon.com\/wp-content\/uploads\/2025\/12\/NAUTI-PRO-2026-768x501.jpg 768w, https:\/\/cotte-martinon.com\/wp-content\/uploads\/2025\/12\/NAUTI-PRO-2026.jpg 920w\" sizes=\"(max-width: 300px) 100vw, 300px\" \/><\/div><\/a>\n\t\t\t\t<div class=\"elementor-post__text\">\n\t\t\t\t<h3 class=\"elementor-post__title\">\n\t\t\t<a href=\"https:\/\/cotte-martinon.com\/index.php\/2025\/12\/15\/rendez-vous-au-salon-nauti-pro-a-bordeaux\/\" target=&quot;_blank&quot;>\n\t\t\t\tRendez-vous au Salon Nauti Pro \u00e0 Bordeaux !\t\t\t<\/a>\n\t\t<\/h3>\n\t\t\t\t<div class=\"elementor-post__excerpt\">\n\t\t\t<p>Du 13 au 15 janvier 2026, nous vous attendons sur notre Stand n\u00b051. Ce nouveau salon d\u00e9di\u00e9 aux professionnels du nautisme, promet d\u2019\u00eatre le lieu<\/p>\n\t\t<\/div>\n\t\t\n\t\t<a class=\"elementor-post__read-more\" href=\"https:\/\/cotte-martinon.com\/index.php\/2025\/12\/15\/rendez-vous-au-salon-nauti-pro-a-bordeaux\/\" aria-label=\"En savoir plus sur Rendez-vous au Salon Nauti Pro \u00e0 Bordeaux !\" tabindex=\"-1\" target=\"_blank\">\n\t\t\tLire la suite \u00bb\t\t<\/a>\n\n\t\t\t\t<\/div>\n\t\t\t\t<div class=\"elementor-post__meta-data\">\n\t\t\t\t\t<span class=\"elementor-post-date\">\n\t\t\t15 d\u00e9cembre 2025\t\t<\/span>\n\t\t\t\t<\/div>\n\t\t\t\t\t<\/div>\n\t\t<\/article>\n\t\t\t\t<article class=\"elementor-post elementor-grid-item post-7977 post type-post status-publish format-standard has-post-thumbnail hentry category-evenements\" role=\"listitem\">\n\t\t\t<div class=\"elementor-post__card\">\n\t\t\t\t<a class=\"elementor-post__thumbnail__link\" href=\"https:\/\/cotte-martinon.com\/index.php\/2025\/12\/06\/distributeur-luxaflex\/\" tabindex=\"-1\" target=\"_blank\"><div class=\"elementor-post__thumbnail\"><img loading=\"lazy\" decoding=\"async\" width=\"300\" height=\"196\" src=\"https:\/\/cotte-martinon.com\/wp-content\/uploads\/2025\/12\/Luxaflex-300x196.jpg\" class=\"attachment-medium size-medium wp-image-7980\" alt=\"\" srcset=\"https:\/\/cotte-martinon.com\/wp-content\/uploads\/2025\/12\/Luxaflex-300x196.jpg 300w, https:\/\/cotte-martinon.com\/wp-content\/uploads\/2025\/12\/Luxaflex-768x501.jpg 768w, https:\/\/cotte-martinon.com\/wp-content\/uploads\/2025\/12\/Luxaflex.jpg 920w\" sizes=\"(max-width: 300px) 100vw, 300px\" \/><\/div><\/a>\n\t\t\t\t<div class=\"elementor-post__text\">\n\t\t\t\t<h3 class=\"elementor-post__title\">\n\t\t\t<a href=\"https:\/\/cotte-martinon.com\/index.php\/2025\/12\/06\/distributeur-luxaflex\/\" target=&quot;_blank&quot;>\n\t\t\t\tDistributeur Luxaflex\t\t\t<\/a>\n\t\t<\/h3>\n\t\t\t\t<div class=\"elementor-post__excerpt\">\n\t\t\t<p>Nous sommes d\u00e9sormais distributeur LUXAFLEX ! Consultez-nous pour d\u00e9couvrir leurs gammes de stores sur mesure exclusifs. Une bonne gestion de la lumi\u00e8re, l&rsquo;efficacit\u00e9 \u00e9nerg\u00e9tique et<\/p>\n\t\t<\/div>\n\t\t\n\t\t<a class=\"elementor-post__read-more\" href=\"https:\/\/cotte-martinon.com\/index.php\/2025\/12\/06\/distributeur-luxaflex\/\" aria-label=\"En savoir plus sur Distributeur Luxaflex\" tabindex=\"-1\" target=\"_blank\">\n\t\t\tLire la suite \u00bb\t\t<\/a>\n\n\t\t\t\t<\/div>\n\t\t\t\t<div class=\"elementor-post__meta-data\">\n\t\t\t\t\t<span class=\"elementor-post-date\">\n\t\t\t6 d\u00e9cembre 2025\t\t<\/span>\n\t\t\t\t<\/div>\n\t\t\t\t\t<\/div>\n\t\t<\/article>\n\t\t\t\t<\/div>\n\t\t\n\t\t\t\t<div class=\"e-load-more-anchor\" data-page=\"1\" data-max-page=\"2\" data-next-page=\"https:\/\/cotte-martinon.com\/index.php\/wp-json\/wp\/v2\/pages\/8217\/page\/2\/\"><\/div>\n\t\t\t\t<nav class=\"elementor-pagination\" aria-label=\"Pagination\">\n\t\t\t<span aria-current=\"page\" class=\"page-numbers current\"><span class=\"elementor-screen-only\">Page<\/span>1<\/span>\n<a class=\"page-numbers\" href=\"https:\/\/cotte-martinon.com\/index.php\/wp-json\/wp\/v2\/pages\/8217\/page\/2\/\"><span class=\"elementor-screen-only\">Page<\/span>2<\/a>\t\t<\/nav>\n\t\t\t\t\t\t<\/div>\n\t\t\t\t<\/div>\n\t\t\t\t\t<\/div>\n\t\t<\/article>\n\t\t\t\t\t<\/div>\n\t\t<\/article>\n\t\t\t\t<section class=\"elementor-section elementor-top-section elementor-element elementor-element-31f185fb elementor-section-height-min-height elementor-section-items-stretch elementor-reverse-tablet elementor-reverse-mobile elementor-section-content-top elementor-section-boxed elementor-section-height-default\" data-id=\"31f185fb\" data-element_type=\"section\" data-e-type=\"section\">\n\t\t\t\t\t\t<div class=\"elementor-container elementor-column-gap-custom\">\n\t\t\t\t\t<div class=\"elementor-column elementor-col-50 elementor-top-column elementor-element elementor-element-445dc140\" data-id=\"445dc140\" data-element_type=\"column\" data-e-type=\"column\">\n\t\t\t<div class=\"elementor-widget-wrap elementor-element-populated\">\n\t\t\t\t\t\t<div class=\"elementor-element elementor-element-7917fe21 elementor-widget__width-initial elementor-widget elementor-widget-image\" data-id=\"7917fe21\" data-element_type=\"widget\" data-e-type=\"widget\" data-widget_type=\"image.default\">\n\t\t\t\t<div class=\"elementor-widget-container\">\n\t\t\t\t\t\t\t\t\t\t\t\t\t\t\t<img loading=\"lazy\" decoding=\"async\" width=\"1170\" height=\"489\" src=\"https:\/\/cotte-martinon.com\/wp-content\/uploads\/2025\/11\/07-SLIDE-2025.jpg\" class=\"attachment-2048x2048 size-2048x2048 wp-image-7854\" alt=\"\" srcset=\"https:\/\/cotte-martinon.com\/wp-content\/uploads\/2025\/11\/07-SLIDE-2025.jpg 1170w, https:\/\/cotte-martinon.com\/wp-content\/uploads\/2025\/11\/07-SLIDE-2025-300x125.jpg 300w, https:\/\/cotte-martinon.com\/wp-content\/uploads\/2025\/11\/07-SLIDE-2025-1024x428.jpg 1024w, https:\/\/cotte-martinon.com\/wp-content\/uploads\/2025\/11\/07-SLIDE-2025-768x321.jpg 768w\" sizes=\"(max-width: 1170px) 100vw, 1170px\" \/>\t\t\t\t\t\t\t\t\t\t\t\t\t\t\t<\/div>\n\t\t\t\t<\/div>\n\t\t\t\t<section class=\"elementor-section elementor-inner-section elementor-element elementor-element-7c5c6806 elementor-section-full_width elementor-section-height-default elementor-section-height-default\" data-id=\"7c5c6806\" data-element_type=\"section\" data-e-type=\"section\" data-settings=\"{&quot;background_background&quot;:&quot;classic&quot;}\">\n\t\t\t\t\t\t<div class=\"elementor-container elementor-column-gap-default\">\n\t\t\t\t\t<div class=\"elementor-column elementor-col-100 elementor-inner-column elementor-element elementor-element-fea5a5e\" data-id=\"fea5a5e\" data-element_type=\"column\" data-e-type=\"column\" data-settings=\"{&quot;background_background&quot;:&quot;classic&quot;}\">\n\t\t\t<div class=\"elementor-widget-wrap elementor-element-populated\">\n\t\t\t\t\t\t<div class=\"elementor-element elementor-element-2bce4265 elementor-widget elementor-widget-text-editor\" data-id=\"2bce4265\" data-element_type=\"widget\" data-e-type=\"widget\" data-widget_type=\"text-editor.default\">\n\t\t\t\t<div class=\"elementor-widget-container\">\n\t\t\t\t\t\t\t\t\t<h2>Actualit\u00e9s <br>Cotte-Martinon<\/h2>\t\t\t\t\t\t\t\t<\/div>\n\t\t\t\t<\/div>\n\t\t\t\t\t<\/div>\n\t\t<\/div>\n\t\t\t\t\t<\/div>\n\t\t<\/section>\n\t\t\t\t\t<\/div>\n\t\t<\/div>\n\t\t\t\t<div class=\"elementor-column elementor-col-50 elementor-top-column elementor-element elementor-element-33ef32b8\" data-id=\"33ef32b8\" data-element_type=\"column\" data-e-type=\"column\" data-settings=\"{&quot;background_background&quot;:&quot;classic&quot;}\">\n\t\t\t<div class=\"elementor-widget-wrap\">\n\t\t\t\t\t<div class=\"elementor-background-overlay\"><\/div>\n\t\t\t\t\t\t\t<\/div>\n\t\t<\/div>\n\t\t\t\t\t<\/div>\n\t\t<\/section>\n\t\t\t\t<\/div>\n\t\t","protected":false},"excerpt":{"rendered":"<p>Actualit\u00e9s Cotte-Martinon<\/p>\n","protected":false},"author":4,"featured_media":0,"parent":0,"menu_order":0,"comment_status":"closed","ping_status":"closed","template":"elementor_header_footer","meta":{"site-sidebar-layout":"no-sidebar","site-content-layout":"page-builder","ast-site-content-layout":"normal-width-container","site-content-style":"boxed","site-sidebar-style":"default","ast-global-header-display":"","ast-banner-title-visibility":"","ast-main-header-display":"","ast-hfb-above-header-display":"","ast-hfb-below-header-display":"","ast-hfb-mobile-header-display":"","site-post-title":"","ast-breadcrumbs-content":"","ast-featured-img":"disabled","footer-sml-layout":"","ast-disable-related-posts":"","theme-transparent-header-meta":"default","adv-header-id-meta":"","stick-header-meta":"","header-above-stick-meta":"","header-main-stick-meta":"","header-below-stick-meta":"","astra-migrate-meta-layouts":"set","ast-page-background-enabled":"default","ast-page-background-meta":{"desktop":{"background-color":"var(--ast-global-color-4)","background-image":"","background-repeat":"repeat","background-position":"center center","background-size":"auto","background-attachment":"scroll","background-type":"","background-media":"","overlay-type":"","overlay-color":"","overlay-opacity":"","overlay-gradient":""},"tablet":{"background-color":"","background-image":"","background-repeat":"repeat","background-position":"center center","background-size":"auto","background-attachment":"scroll","background-type":"","background-media":"","overlay-type":"","overlay-color":"","overlay-opacity":"","overlay-gradient":""},"mobile":{"background-color":"","background-image":"","background-repeat":"repeat","background-position":"center center","background-size":"auto","background-attachment":"scroll","background-type":"","background-media":"","overlay-type":"","overlay-color":"","overlay-opacity":"","overlay-gradient":""}},"ast-content-background-meta":{"desktop":{"background-color":"var(--ast-global-color-5)","background-image":"","background-repeat":"repeat","background-position":"center center","background-size":"auto","background-attachment":"scroll","background-type":"","background-media":"","overlay-type":"","overlay-color":"","overlay-opacity":"","overlay-gradient":""},"tablet":{"background-color":"var(--ast-global-color-5)","background-image":"","background-repeat":"repeat","background-position":"center center","background-size":"auto","background-attachment":"scroll","background-type":"","background-media":"","overlay-type":"","overlay-color":"","overlay-opacity":"","overlay-gradient":""},"mobile":{"background-color":"var(--ast-global-color-5)","background-image":"","background-repeat":"repeat","background-position":"center center","background-size":"auto","background-attachment":"scroll","background-type":"","background-media":"","overlay-type":"","overlay-color":"","overlay-opacity":"","overlay-gradient":""}},"footnotes":""},"class_list":["post-8217","page","type-page","status-publish","hentry"],"_links":{"self":[{"href":"https:\/\/cotte-martinon.com\/index.php\/wp-json\/wp\/v2\/pages\/8217","targetHints":{"allow":["GET"]}}],"collection":[{"href":"https:\/\/cotte-martinon.com\/index.php\/wp-json\/wp\/v2\/pages"}],"about":[{"href":"https:\/\/cotte-martinon.com\/index.php\/wp-json\/wp\/v2\/types\/page"}],"author":[{"embeddable":true,"href":"https:\/\/cotte-martinon.com\/index.php\/wp-json\/wp\/v2\/users\/4"}],"replies":[{"embeddable":true,"href":"https:\/\/cotte-martinon.com\/index.php\/wp-json\/wp\/v2\/comments?post=8217"}],"version-history":[{"count":83,"href":"https:\/\/cotte-martinon.com\/index.php\/wp-json\/wp\/v2\/pages\/8217\/revisions"}],"predecessor-version":[{"id":8329,"href":"https:\/\/cotte-martinon.com\/index.php\/wp-json\/wp\/v2\/pages\/8217\/revisions\/8329"}],"wp:attachment":[{"href":"https:\/\/cotte-martinon.com\/index.php\/wp-json\/wp\/v2\/media?parent=8217"}],"curies":[{"name":"wp","href":"https:\/\/api.w.org\/{rel}","templated":true}]}}