{"id":8437,"date":"2026-02-08T15:45:34","date_gmt":"2026-02-08T14:45:34","guid":{"rendered":"https:\/\/cotte-martinon.com\/?page_id=8437"},"modified":"2026-02-08T15:56:35","modified_gmt":"2026-02-08T14:56:35","slug":"nos-agences","status":"publish","type":"page","link":"https:\/\/cotte-martinon.com\/index.php\/nos-agences\/","title":{"rendered":"Nos Agences"},"content":{"rendered":"\t\t<div data-elementor-type=\"wp-page\" data-elementor-id=\"8437\" class=\"elementor elementor-8437\" data-elementor-post-type=\"page\">\n\t\t\t\t\t\t<header class=\"elementor-section elementor-top-section elementor-element elementor-element-1d4c77b1 elementor-section-full_width elementor-section-height-min-height elementor-section-content-top elementor-section-height-default elementor-section-items-middle\" data-id=\"1d4c77b1\" data-element_type=\"section\" data-e-type=\"section\" data-settings=\"{&quot;background_background&quot;:&quot;slideshow&quot;,&quot;background_slideshow_gallery&quot;:[{&quot;id&quot;:8439,&quot;url&quot;:&quot;https:\\\/\\\/cotte-martinon.com\\\/wp-content\\\/uploads\\\/2026\\\/02\\\/06C-header-3agences.jpg&quot;}],&quot;background_slideshow_loop&quot;:&quot;yes&quot;,&quot;background_slideshow_slide_duration&quot;:5000,&quot;background_slideshow_slide_transition&quot;:&quot;fade&quot;,&quot;background_slideshow_transition_duration&quot;:500}\">\n\t\t\t\t\t\t\t<div class=\"elementor-background-overlay\"><\/div>\n\t\t\t\t\t\t\t<div class=\"elementor-container elementor-column-gap-default\">\n\t\t\t\t\t<header class=\"elementor-column elementor-col-100 elementor-top-column elementor-element elementor-element-540a0be4\" data-id=\"540a0be4\" data-element_type=\"column\" data-e-type=\"column\">\n\t\t\t<div class=\"elementor-widget-wrap elementor-element-populated\">\n\t\t\t\t\t\t<div class=\"elementor-element elementor-element-7146f950 elementor-widget elementor-widget-heading\" data-id=\"7146f950\" data-element_type=\"widget\" data-e-type=\"widget\" data-widget_type=\"heading.default\">\n\t\t\t\t<div class=\"elementor-widget-container\">\n\t\t\t\t\t<h2 class=\"elementor-heading-title elementor-size-default\">Nos Agences<\/h2>\t\t\t\t<\/div>\n\t\t\t\t<\/div>\n\t\t\t\t\t<\/div>\n\t\t<\/header>\n\t\t\t\t\t<\/div>\n\t\t<\/header>\n\t\t\t\t<div class=\"elementor-section elementor-top-section elementor-element elementor-element-5c787dce elementor-section-content-bottom elementor-section-boxed elementor-section-height-default elementor-section-height-default\" data-id=\"5c787dce\" data-element_type=\"section\" data-e-type=\"section\">\n\t\t\t\t\t\t<div class=\"elementor-container elementor-column-gap-default\">\n\t\t\t\t\t<div class=\"elementor-column elementor-col-100 elementor-top-column elementor-element elementor-element-30d86da8\" data-id=\"30d86da8\" data-element_type=\"column\" data-e-type=\"column\">\n\t\t\t<div class=\"elementor-widget-wrap elementor-element-populated\">\n\t\t\t\t\t\t<div class=\"elementor-element elementor-element-5d3e7d13 elementor-widget elementor-widget-image\" data-id=\"5d3e7d13\" data-element_type=\"widget\" data-e-type=\"widget\" data-widget_type=\"image.default\">\n\t\t\t\t<div class=\"elementor-widget-container\">\n\t\t\t\t\t\t\t\t\t\t\t\t\t\t\t<img fetchpriority=\"high\" decoding=\"async\" width=\"937\" height=\"1024\" src=\"https:\/\/cotte-martinon.com\/wp-content\/uploads\/2026\/02\/Commerciaux-Cotte-Martinon-2026--937x1024.jpg\" class=\"attachment-large size-large wp-image-8444\" alt=\"\" srcset=\"https:\/\/cotte-martinon.com\/wp-content\/uploads\/2026\/02\/Commerciaux-Cotte-Martinon-2026--937x1024.jpg 937w, https:\/\/cotte-martinon.com\/wp-content\/uploads\/2026\/02\/Commerciaux-Cotte-Martinon-2026--274x300.jpg 274w, https:\/\/cotte-martinon.com\/wp-content\/uploads\/2026\/02\/Commerciaux-Cotte-Martinon-2026--768x839.jpg 768w, https:\/\/cotte-martinon.com\/wp-content\/uploads\/2026\/02\/Commerciaux-Cotte-Martinon-2026--1405x1536.jpg 1405w, https:\/\/cotte-martinon.com\/wp-content\/uploads\/2026\/02\/Commerciaux-Cotte-Martinon-2026--1874x2048.jpg 1874w\" sizes=\"(max-width: 937px) 100vw, 937px\" \/>\t\t\t\t\t\t\t\t\t\t\t\t\t\t\t<\/div>\n\t\t\t\t<\/div>\n\t\t\t\t\t<\/div>\n\t\t<\/div>\n\t\t\t\t\t<\/div>\n\t\t<\/div>\n\t\t\t\t<section class=\"elementor-section elementor-top-section elementor-element elementor-element-b3066e1 elementor-section-boxed elementor-section-height-default elementor-section-height-default\" data-id=\"b3066e1\" data-element_type=\"section\" data-e-type=\"section\">\n\t\t\t\t\t\t<div class=\"elementor-container elementor-column-gap-default\">\n\t\t\t\t\t<div class=\"elementor-column elementor-col-33 elementor-top-column elementor-element elementor-element-84fb0c3\" data-id=\"84fb0c3\" data-element_type=\"column\" data-e-type=\"column\">\n\t\t\t<div class=\"elementor-widget-wrap elementor-element-populated\">\n\t\t\t\t\t\t<div class=\"elementor-element elementor-element-3a30f223 elementor-widget__width-initial elementor-widget elementor-widget-image\" data-id=\"3a30f223\" data-element_type=\"widget\" data-e-type=\"widget\" data-widget_type=\"image.default\">\n\t\t\t\t<div class=\"elementor-widget-container\">\n\t\t\t\t\t\t\t\t\t\t\t\t\t\t\t<img decoding=\"async\" src=\"https:\/\/cotte-martinon.com\/wp-content\/uploads\/2026\/01\/SIEGE-COTTE-MARTINON-NICE.jpg\" title=\"SIEGE-COTTE-MARTINON-NICE\" alt=\"SIEGE-COTTE-MARTINON-NICE\" loading=\"lazy\" \/>\t\t\t\t\t\t\t\t\t\t\t\t\t\t\t<\/div>\n\t\t\t\t<\/div>\n\t\t\t\t\t<\/div>\n\t\t<\/div>\n\t\t\t\t<div class=\"elementor-column elementor-col-33 elementor-top-column elementor-element elementor-element-2b9d28cc\" data-id=\"2b9d28cc\" data-element_type=\"column\" data-e-type=\"column\">\n\t\t\t<div class=\"elementor-widget-wrap elementor-element-populated\">\n\t\t\t\t\t\t<div class=\"elementor-element elementor-element-200850dd elementor-widget elementor-widget-image\" data-id=\"200850dd\" data-element_type=\"widget\" data-e-type=\"widget\" data-widget_type=\"image.default\">\n\t\t\t\t<div class=\"elementor-widget-container\">\n\t\t\t\t\t\t\t\t\t\t\t\t\t\t\t<img decoding=\"async\" width=\"425\" height=\"237\" src=\"https:\/\/cotte-martinon.com\/wp-content\/uploads\/2026\/02\/VALLAURIS-2019-CM.jpg\" class=\"attachment-large size-large wp-image-8441\" alt=\"\" srcset=\"https:\/\/cotte-martinon.com\/wp-content\/uploads\/2026\/02\/VALLAURIS-2019-CM.jpg 425w, https:\/\/cotte-martinon.com\/wp-content\/uploads\/2026\/02\/VALLAURIS-2019-CM-300x167.jpg 300w\" sizes=\"(max-width: 425px) 100vw, 425px\" \/>\t\t\t\t\t\t\t\t\t\t\t\t\t\t\t<\/div>\n\t\t\t\t<\/div>\n\t\t\t\t\t<\/div>\n\t\t<\/div>\n\t\t\t\t<div class=\"elementor-column elementor-col-33 elementor-top-column elementor-element elementor-element-44cecee5\" data-id=\"44cecee5\" data-element_type=\"column\" data-e-type=\"column\">\n\t\t\t<div class=\"elementor-widget-wrap elementor-element-populated\">\n\t\t\t\t\t\t<div class=\"elementor-element elementor-element-5ee0bcaf elementor-widget elementor-widget-image\" data-id=\"5ee0bcaf\" data-element_type=\"widget\" data-e-type=\"widget\" data-widget_type=\"image.default\">\n\t\t\t\t<div class=\"elementor-widget-container\">\n\t\t\t\t\t\t\t\t\t\t\t\t\t\t\t<img decoding=\"async\" width=\"425\" height=\"237\" src=\"https:\/\/cotte-martinon.com\/wp-content\/uploads\/2026\/02\/agence-ST-HERMINE-CM-DRONE.jpg\" class=\"attachment-large size-large wp-image-8442\" alt=\"\" srcset=\"https:\/\/cotte-martinon.com\/wp-content\/uploads\/2026\/02\/agence-ST-HERMINE-CM-DRONE.jpg 425w, https:\/\/cotte-martinon.com\/wp-content\/uploads\/2026\/02\/agence-ST-HERMINE-CM-DRONE-300x167.jpg 300w\" sizes=\"(max-width: 425px) 100vw, 425px\" \/>\t\t\t\t\t\t\t\t\t\t\t\t\t\t\t<\/div>\n\t\t\t\t<\/div>\n\t\t\t\t\t<\/div>\n\t\t<\/div>\n\t\t\t\t\t<\/div>\n\t\t<\/section>\n\t\t\t\t<section class=\"elementor-section elementor-top-section elementor-element elementor-element-5aa97176 elementor-section-boxed elementor-section-height-default elementor-section-height-default\" data-id=\"5aa97176\" data-element_type=\"section\" data-e-type=\"section\">\n\t\t\t\t\t\t<div class=\"elementor-container elementor-column-gap-default\">\n\t\t\t\t\t<div class=\"elementor-column elementor-col-33 elementor-top-column elementor-element elementor-element-1b5641b1\" data-id=\"1b5641b1\" data-element_type=\"column\" data-e-type=\"column\">\n\t\t\t<div class=\"elementor-widget-wrap elementor-element-populated\">\n\t\t\t\t\t\t<div class=\"elementor-element elementor-element-4c6c821d elementor-widget elementor-widget-text-editor\" data-id=\"4c6c821d\" data-element_type=\"widget\" data-e-type=\"widget\" data-widget_type=\"text-editor.default\">\n\t\t\t\t<div class=\"elementor-widget-container\">\n\t\t\t\t\t\t\t\t\t<h3><b>SI<\/b>\u00c8GE SOCIAL NICE<\/h3><p>T\u00e9l. : 04 92 00 82 00<br \/>71, Rue de Roquebilli\u00e8re<br \/>06300 Nice<br \/>Adresse postale : <br \/>BP 4039 &#8211; 06301 Nice Cedex 4<br \/><a href=\"mailto:contact@cotte-martinon.com\" target=\"_blank\" rel=\"noopener\">contact@cotte-martinon.com<\/a><\/p>\t\t\t\t\t\t\t\t<\/div>\n\t\t\t\t<\/div>\n\t\t\t\t\t<\/div>\n\t\t<\/div>\n\t\t\t\t<div class=\"elementor-column elementor-col-33 elementor-top-column elementor-element elementor-element-76a645ad\" data-id=\"76a645ad\" data-element_type=\"column\" data-e-type=\"column\">\n\t\t\t<div class=\"elementor-widget-wrap elementor-element-populated\">\n\t\t\t\t\t\t<div class=\"elementor-element elementor-element-132101b7 elementor-widget elementor-widget-text-editor\" data-id=\"132101b7\" data-element_type=\"widget\" data-e-type=\"widget\" data-widget_type=\"text-editor.default\">\n\t\t\t\t<div class=\"elementor-widget-container\">\n\t\t\t\t\t\t\t\t\t<h3>AGENCE GRAND SUD<b><br \/><\/b><\/h3><p>2791, Chemin St Bernard<br \/>Porte 19 \u2013 Bat.E<br \/>06220 VALLAURIS<\/p><p>T\u00e9l : 04 97 21 32 45<br \/>Fax : 04 97 21 32 49<br \/><a href=\"mailto:contact@cotte-martinon.com\" target=\"_blank\" rel=\"noopener\">contact@cotte-martinon.com<\/a><\/p><p>Horaires d\u2019ouverture du magasin :<br \/>du lundi au vendredi<br \/>de 8h00 \u00e0 12h00<br \/>et de 14h00 \u00e0 17h00<\/p>\t\t\t\t\t\t\t\t<\/div>\n\t\t\t\t<\/div>\n\t\t\t\t\t<\/div>\n\t\t<\/div>\n\t\t\t\t<div class=\"elementor-column elementor-col-33 elementor-top-column elementor-element elementor-element-74bff51\" data-id=\"74bff51\" data-element_type=\"column\" data-e-type=\"column\">\n\t\t\t<div class=\"elementor-widget-wrap elementor-element-populated\">\n\t\t\t\t\t\t<div class=\"elementor-element elementor-element-20dfe15a elementor-widget elementor-widget-text-editor\" data-id=\"20dfe15a\" data-element_type=\"widget\" data-e-type=\"widget\" data-widget_type=\"text-editor.default\">\n\t\t\t\t<div class=\"elementor-widget-container\">\n\t\t\t\t\t\t\t\t\t<h3>AGENCE GRAND OUEST<b><br \/><\/b><\/h3><p>Vend\u00e9op\u00f4le Sud Atlantique<br \/>135 avenue des Merisiers<br \/>85210 SAINTE-HERMINE<\/p><p>T\u00e9l : 02 51 97 29 30<br \/>Fax : 02 51 97 49 29<br \/><a class=\"orange\" href=\"mailto:contact@cotte-martinon.com\" target=\"_blank\" rel=\"noopener\">contact@cotte-martinon.com<\/a><\/p><p>Horaires d\u2019ouverture du magasin :<br \/>du lundi au vendredi<br \/>de 8h30 \u00e0 12h00<br \/>et de 13h30 \u00e0 17h00<\/p>\t\t\t\t\t\t\t\t<\/div>\n\t\t\t\t<\/div>\n\t\t\t\t\t<\/div>\n\t\t<\/div>\n\t\t\t\t\t<\/div>\n\t\t<\/section>\n\t\t\t\t<section class=\"elementor-section elementor-top-section elementor-element elementor-element-6fd35f6c elementor-section-boxed elementor-section-height-default elementor-section-height-default\" data-id=\"6fd35f6c\" data-element_type=\"section\" data-e-type=\"section\">\n\t\t\t\t\t\t<div class=\"elementor-container elementor-column-gap-default\">\n\t\t\t\t\t<div class=\"elementor-column elementor-col-100 elementor-top-column elementor-element elementor-element-2a5487d1\" data-id=\"2a5487d1\" data-element_type=\"column\" data-e-type=\"column\">\n\t\t\t<div class=\"elementor-widget-wrap elementor-element-populated\">\n\t\t\t\t\t\t<div class=\"elementor-element elementor-element-1cd93df8 elementor-widget elementor-widget-spacer\" data-id=\"1cd93df8\" data-element_type=\"widget\" data-e-type=\"widget\" data-widget_type=\"spacer.default\">\n\t\t\t\t<div class=\"elementor-widget-container\">\n\t\t\t\t\t\t\t<div class=\"elementor-spacer\">\n\t\t\t<div class=\"elementor-spacer-inner\"><\/div>\n\t\t<\/div>\n\t\t\t\t\t\t<\/div>\n\t\t\t\t<\/div>\n\t\t\t\t\t<\/div>\n\t\t<\/div>\n\t\t\t\t\t<\/div>\n\t\t<\/section>\n\t\t\t\t<\/div>\n\t\t","protected":false},"excerpt":{"rendered":"<p>Nos Agences SI\u00c8GE SOCIAL NICE T\u00e9l. : 04 92 00 82 0071, Rue de Roquebilli\u00e8re06300 NiceAdresse postale : BP 4039 &#8211; 06301 Nice Cedex 4contact@cotte-martinon.com AGENCE GRAND SUD 2791, Chemin St BernardPorte 19 \u2013 Bat.E06220 VALLAURIS T\u00e9l : 04 97 21 32 45Fax : 04 97 21 32 49contact@cotte-martinon.com Horaires d\u2019ouverture du magasin :du lundi [&hellip;]<\/p>\n","protected":false},"author":1,"featured_media":0,"parent":0,"menu_order":0,"comment_status":"closed","ping_status":"closed","template":"elementor_header_footer","meta":{"site-sidebar-layout":"no-sidebar","site-content-layout":"page-builder","ast-site-content-layout":"full-width-container","site-content-style":"default","site-sidebar-style":"default","ast-global-header-display":"","ast-banner-title-visibility":"","ast-main-header-display":"","ast-hfb-above-header-display":"","ast-hfb-below-header-display":"","ast-hfb-mobile-header-display":"","site-post-title":"","ast-breadcrumbs-content":"","ast-featured-img":"disabled","footer-sml-layout":"","ast-disable-related-posts":"","theme-transparent-header-meta":"default","adv-header-id-meta":"","stick-header-meta":"","header-above-stick-meta":"","header-main-stick-meta":"","header-below-stick-meta":"","astra-migrate-meta-layouts":"set","ast-page-background-enabled":"default","ast-page-background-meta":{"desktop":{"background-color":"var(--ast-global-color-4)","background-image":"","background-repeat":"repeat","background-position":"center center","background-size":"auto","background-attachment":"scroll","background-type":"","background-media":"","overlay-type":"","overlay-color":"","overlay-opacity":"","overlay-gradient":""},"tablet":{"background-color":"","background-image":"","background-repeat":"repeat","background-position":"center center","background-size":"auto","background-attachment":"scroll","background-type":"","background-media":"","overlay-type":"","overlay-color":"","overlay-opacity":"","overlay-gradient":""},"mobile":{"background-color":"","background-image":"","background-repeat":"repeat","background-position":"center center","background-size":"auto","background-attachment":"scroll","background-type":"","background-media":"","overlay-type":"","overlay-color":"","overlay-opacity":"","overlay-gradient":""}},"ast-content-background-meta":{"desktop":{"background-color":"var(--ast-global-color-5)","background-image":"","background-repeat":"repeat","background-position":"center center","background-size":"auto","background-attachment":"scroll","background-type":"","background-media":"","overlay-type":"","overlay-color":"","overlay-opacity":"","overlay-gradient":""},"tablet":{"background-color":"var(--ast-global-color-5)","background-image":"","background-repeat":"repeat","background-position":"center center","background-size":"auto","background-attachment":"scroll","background-type":"","background-media":"","overlay-type":"","overlay-color":"","overlay-opacity":"","overlay-gradient":""},"mobile":{"background-color":"var(--ast-global-color-5)","background-image":"","background-repeat":"repeat","background-position":"center center","background-size":"auto","background-attachment":"scroll","background-type":"","background-media":"","overlay-type":"","overlay-color":"","overlay-opacity":"","overlay-gradient":""}},"footnotes":""},"class_list":["post-8437","page","type-page","status-publish","hentry"],"_links":{"self":[{"href":"https:\/\/cotte-martinon.com\/index.php\/wp-json\/wp\/v2\/pages\/8437","targetHints":{"allow":["GET"]}}],"collection":[{"href":"https:\/\/cotte-martinon.com\/index.php\/wp-json\/wp\/v2\/pages"}],"about":[{"href":"https:\/\/cotte-martinon.com\/index.php\/wp-json\/wp\/v2\/types\/page"}],"author":[{"embeddable":true,"href":"https:\/\/cotte-martinon.com\/index.php\/wp-json\/wp\/v2\/users\/1"}],"replies":[{"embeddable":true,"href":"https:\/\/cotte-martinon.com\/index.php\/wp-json\/wp\/v2\/comments?post=8437"}],"version-history":[{"count":17,"href":"https:\/\/cotte-martinon.com\/index.php\/wp-json\/wp\/v2\/pages\/8437\/revisions"}],"predecessor-version":[{"id":8460,"href":"https:\/\/cotte-martinon.com\/index.php\/wp-json\/wp\/v2\/pages\/8437\/revisions\/8460"}],"wp:attachment":[{"href":"https:\/\/cotte-martinon.com\/index.php\/wp-json\/wp\/v2\/media?parent=8437"}],"curies":[{"name":"wp","href":"https:\/\/api.w.org\/{rel}","templated":true}]}}